{"id":15680,"date":"2020-03-27T17:53:59","date_gmt":"2020-03-27T16:53:59","guid":{"rendered":"http:\/\/sprachschule-axioma.net\/get-your-offer\/"},"modified":"2020-03-27T18:01:40","modified_gmt":"2020-03-27T17:01:40","slug":"get-your-offer","status":"publish","type":"page","link":"https:\/\/www.sprachschule-axioma.de\/pl\/get-your-offer\/","title":{"rendered":"Get your offer"},"content":{"rendered":"<div class=\"fusion-fullwidth fullwidth-box fusion-builder-row-1 nonhundred-percent-fullwidth non-hundred-percent-height-scrolling\" style=\"background-color: rgba(255,255,255,0);background-position: center center;background-repeat: no-repeat;padding-top:0px;padding-right:0px;padding-bottom:0px;padding-left:0px;margin-bottom: 0px;margin-top: 0px;border-width: 0px 0px 0px 0px;border-color:#e2e2e2;border-style:solid;\" ><div class=\"fusion-builder-row fusion-row\"><div class=\"fusion-layout-column fusion_builder_column fusion-builder-column-0 fusion_builder_column_1_1 1_1 fusion-one-full fusion-column-first fusion-column-last\" style=\"margin-top:0px;margin-bottom:20px;\"><div class=\"fusion-column-wrapper fusion-flex-column-wrapper-legacy\" style=\"background-position:left top;background-repeat:no-repeat;-webkit-background-size:cover;-moz-background-size:cover;-o-background-size:cover;background-size:cover;padding: 0px 0px 0px 0px;\">\n<div class=\"wpcf7 no-js\" id=\"wpcf7-f15658-o1\" lang=\"pl-PL\" dir=\"ltr\">\n<div class=\"screen-reader-response\"><p role=\"status\" aria-live=\"polite\" aria-atomic=\"true\"><\/p> <ul><\/ul><\/div>\n<form action=\"\/pl\/wp-json\/wp\/v2\/pages\/15680#wpcf7-f15658-o1\" method=\"post\" class=\"wpcf7-form init wpcf7-acceptance-as-validation\" aria-label=\"Formularz kontaktowy\" novalidate=\"novalidate\" data-status=\"init\">\n<div style=\"display: none;\">\n<input type=\"hidden\" name=\"_wpcf7\" value=\"15658\" \/>\n<input type=\"hidden\" name=\"_wpcf7_version\" value=\"5.8\" \/>\n<input type=\"hidden\" name=\"_wpcf7_locale\" value=\"pl_PL\" \/>\n<input type=\"hidden\" name=\"_wpcf7_unit_tag\" value=\"wpcf7-f15658-o1\" \/>\n<input type=\"hidden\" name=\"_wpcf7_container_post\" value=\"0\" \/>\n<input type=\"hidden\" name=\"_wpcf7_posted_data_hash\" value=\"\" \/>\n<\/div>\n<h2>Person\n<\/h2>\n<p>Mrs.\/Mr. <span class=\"wpcf7-form-control-wrap\" data-name=\"menu-756\"><select class=\"wpcf7-form-control wpcf7-select wpcf7-validates-as-required\" aria-required=\"true\" aria-invalid=\"false\" name=\"menu-756\"><option value=\"\">&#8212;Prosz\u0119 wybra\u0107 opcj\u0119&#8212;<\/option><option value=\"Mrs.\">Mrs.<\/option><option value=\"Mr.\">Mr.<\/option><option value=\"Diverse\">Diverse<\/option><\/select><\/span>\n<\/p>\n<p>Your first name (obligatory)\n<\/p>\n<p><span class=\"wpcf7-form-control-wrap\" data-name=\"your-name\"><input size=\"40\" class=\"wpcf7-form-control wpcf7-text wpcf7-validates-as-required\" aria-required=\"true\" aria-invalid=\"false\" value=\"\" type=\"text\" name=\"your-name\" \/><\/span>\n<\/p>\n<p>Your family name (obligatory)\n<\/p>\n<p><span class=\"wpcf7-form-control-wrap\" data-name=\"text-239\"><input size=\"40\" class=\"wpcf7-form-control wpcf7-text wpcf7-validates-as-required\" aria-required=\"true\" aria-invalid=\"false\" value=\"\" type=\"text\" name=\"text-239\" \/><\/span>\n<\/p>\n<p>Your E-Mail (obligatory)\n<\/p>\n<p><span class=\"wpcf7-form-control-wrap\" data-name=\"your-email\"><input size=\"40\" class=\"wpcf7-form-control wpcf7-email wpcf7-validates-as-required wpcf7-text wpcf7-validates-as-email\" aria-required=\"true\" aria-invalid=\"false\" value=\"\" type=\"email\" name=\"your-email\" \/><\/span>\n<\/p>\n<p>Your telephone\n<\/p>\n<p><span class=\"wpcf7-form-control-wrap\" data-name=\"tel-216\"><input size=\"40\" class=\"wpcf7-form-control wpcf7-tel wpcf7-text wpcf7-validates-as-tel\" aria-invalid=\"false\" value=\"\" type=\"tel\" name=\"tel-216\" \/><\/span>\n<\/p>\n<p>\n<hr \/>\n<\/p>\n<h2>Language Course\n<\/h2>\n<p>Which language would you like to learn?\n<\/p>\n<p><span class=\"wpcf7-form-control-wrap\" data-name=\"menu-955\"><select class=\"wpcf7-form-control wpcf7-select\" aria-invalid=\"false\" name=\"menu-955\"><option value=\"german\">german<\/option><option value=\"english\">english<\/option><option value=\"spanish\">spanish<\/option><option value=\"italien\">italien<\/option><option value=\"frensh\">frensh<\/option><option value=\"latin\">latin<\/option><\/select><\/span>\n<\/p>\n<p>Do you want to receive a certificate? If yes, which one?\n<\/p>\n<p><span class=\"wpcf7-form-control-wrap\" data-name=\"menu-0\"><select class=\"wpcf7-form-control wpcf7-select\" aria-invalid=\"false\" name=\"menu-0\"><option value=\"\">&#8212;Prosz\u0119 wybra\u0107 opcj\u0119&#8212;<\/option><option value=\"Goethe certificate\">Goethe certificate<\/option><option value=\"Telc\">Telc<\/option><option value=\"Studienkolleg\">Studienkolleg<\/option><option value=\"TestDaF\">TestDaF<\/option><option value=\"DSH\">DSH<\/option><option value=\"TOEFL\">TOEFL<\/option><\/select><\/span>\n<\/p>\n<p>Are you interested in a special course? If yes, in which one?\n<\/p>\n<p><span class=\"wpcf7-form-control-wrap\" data-name=\"menu-663\"><select class=\"wpcf7-form-control wpcf7-select\" aria-invalid=\"false\" name=\"menu-663\"><option value=\"\">&#8212;Prosz\u0119 wybra\u0107 opcj\u0119&#8212;<\/option><option value=\"german for medical practitioner\">german for medical practitioner<\/option><option value=\"holiday course\">holiday course<\/option><option value=\"german for hospital aide\">german for hospital aide<\/option><option value=\"german for occupation\">german for occupation<\/option><option value=\"Aussprache Training\">Aussprache Training<\/option><option value=\"weekend course\">weekend course<\/option><option value=\"tutoring\">tutoring<\/option><\/select><\/span>\n<\/p>\n<p>Level estimation:\n<\/p>\n<p><span class=\"wpcf7-form-control-wrap\" data-name=\"menu-829\"><select class=\"wpcf7-form-control wpcf7-select\" aria-invalid=\"false\" name=\"menu-829\"><option value=\"Beginner - A1\">Beginner - A1<\/option><option value=\"Beginner - A2\">Beginner - A2<\/option><option value=\"Semi - B1\">Semi - B1<\/option><option value=\"Semi - B2\">Semi - B2<\/option><option value=\"Advanced - C1 und C2\">Advanced - C1 und C2<\/option><\/select><\/span>\n<\/p>\n<p>\n<hr \/>\n<\/p>\n<h2>Time \/ Date\n<\/h2>\n<p>Your preferred class time?\n<\/p>\n<p><span class=\"wpcf7-form-control-wrap\" data-name=\"menu-130\"><select class=\"wpcf7-form-control wpcf7-select\" aria-invalid=\"false\" name=\"menu-130\"><option value=\"morning\">morning<\/option><option value=\"all the day\">all the day<\/option><option value=\"evening\">evening<\/option><\/select><\/span>\n<\/p>\n<p>Preferred starting date?\n<\/p>\n<p><span class=\"wpcf7-form-control-wrap\" data-name=\"date-129\"><input class=\"wpcf7-form-control wpcf7-date wpcf7-validates-as-date\" aria-invalid=\"false\" value=\"D, M y\" type=\"date\" name=\"date-129\" \/><\/span>\n<\/p>\n<p>\n<hr \/>\n<\/p>\n<h2>Duration of the language course\n<\/h2>\n<p>Do you need accommodation?\n<\/p>\n<p><span class=\"wpcf7-form-control-wrap\" data-name=\"radio-464\"><span class=\"wpcf7-form-control wpcf7-radio\"><span class=\"wpcf7-list-item first\"><span class=\"wpcf7-list-item-label\">no<\/span><input type=\"radio\" name=\"radio-464\" value=\"no\" checked=\"checked\" \/><\/span><span class=\"wpcf7-list-item last\"><span class=\"wpcf7-list-item-label\">yes<\/span><input type=\"radio\" name=\"radio-464\" value=\"yes\" \/><\/span><\/span><\/span>\n<\/p>\n<p>Do you need a VISA?\n<\/p>\n<p><span class=\"wpcf7-form-control-wrap\" data-name=\"radio-423\"><span class=\"wpcf7-form-control wpcf7-radio\"><span class=\"wpcf7-list-item first\"><span class=\"wpcf7-list-item-label\">no<\/span><input type=\"radio\" name=\"radio-423\" value=\"no\" checked=\"checked\" \/><\/span><span class=\"wpcf7-list-item last\"><span class=\"wpcf7-list-item-label\">yes<\/span><input type=\"radio\" name=\"radio-423\" value=\"yes\" \/><\/span><\/span><\/span>\n<\/p>\n<p>\n<hr \/>\n<\/p>\n<h2>Your Message \/ Questions\n<\/h2>\n<p>Your message\n<\/p>\n<p><span class=\"wpcf7-form-control-wrap\" data-name=\"your-message\"><textarea cols=\"40\" rows=\"10\" class=\"wpcf7-form-control wpcf7-textarea\" aria-invalid=\"false\" name=\"your-message\"><\/textarea><\/span>\n<\/p>\n<p>Call you back on the phone?\n<\/p>\n<p><span class=\"wpcf7-form-control-wrap\" data-name=\"radio-613\"><span class=\"wpcf7-form-control wpcf7-radio\"><span class=\"wpcf7-list-item first\"><span class=\"wpcf7-list-item-label\">no<\/span><input type=\"radio\" name=\"radio-613\" value=\"no\" checked=\"checked\" \/><\/span><span class=\"wpcf7-list-item last\"><span class=\"wpcf7-list-item-label\">yes<\/span><input type=\"radio\" name=\"radio-613\" value=\"yes\" \/><\/span><\/span><\/span>\n<\/p>\n<p>I am not a Robot! <span class=\"wpcf7-form-control-wrap\" data-name=\"quiz-858\"><label><span class=\"wpcf7-quiz-label\">The Capital of Germany?<\/span> <input size=\"40\" class=\"wpcf7-form-control wpcf7-quiz\" autocomplete=\"off\" aria-required=\"true\" aria-invalid=\"false\" type=\"text\" name=\"quiz-858\" \/><\/label><input type=\"hidden\" name=\"_wpcf7_quiz_answer_quiz-858\" value=\"c44b32f44b3b9cd62a93bf7a0ca825cd\" \/><\/span>\n<\/p>\n<p><span class=\"wpcf7-form-control-wrap\" data-name=\"acceptance-278\"><span class=\"wpcf7-form-control wpcf7-acceptance\"><span class=\"wpcf7-list-item\"><input type=\"checkbox\" name=\"acceptance-278\" value=\"1\" aria-invalid=\"false\" \/><\/span><\/span><\/span> By using this form, you agree to the storage and processing of your data through this site. Please confirm that you accept our <a href=\"\/en\/datenschutzerklaerung\/\"> privacy policy.<\/a>\n<\/p>\n<p><span class=\"wpcf7-form-control-wrap\" data-name=\"acceptance-279\"><span class=\"wpcf7-form-control wpcf7-acceptance\"><span class=\"wpcf7-list-item\"><input type=\"checkbox\" name=\"acceptance-279\" value=\"1\" aria-invalid=\"false\" \/><\/span><\/span><\/span> Please confirm that you accept our <a href=\"\/en\/allgemeine-geschaeftsbedingungen\/\">agb<\/a>.\n<\/p>\n<p>\n<hr \/>\n<\/p>\n<p><input class=\"wpcf7-form-control wpcf7-submit has-spinner\" type=\"submit\" value=\"Submit\" \/>\n<\/p><div class=\"fusion-alert alert custom alert-custom fusion-alert-center wpcf7-response-output alert-dismissable\" style=\"border-width:1px;\"><button type=\"button\" class=\"close toggle-alert\" data-dismiss=\"alert\" aria-label=\"Close\">&times;<\/button><div class=\"fusion-alert-content-wrapper\"><span class=\"fusion-alert-content\"><\/span><\/div><\/div>\n<\/form>\n<\/div>\n<div class=\"fusion-clearfix\"><\/div><\/div><\/div><\/div><\/div>\n","protected":false},"excerpt":{"rendered":"","protected":false},"author":2,"featured_media":0,"parent":0,"menu_order":0,"comment_status":"closed","ping_status":"closed","template":"","meta":{"footnotes":""},"yoast_head":"<!-- This site is optimized with the Yoast SEO plugin v20.13 - https:\/\/yoast.com\/wordpress\/plugins\/seo\/ -->\n<title>Get your offer | Axioma Sprachschule M\u00fcnchen<\/title>\n<meta name=\"robots\" content=\"index, follow, max-snippet:-1, max-image-preview:large, max-video-preview:-1\" \/>\n<link rel=\"canonical\" href=\"https:\/\/www.sprachschule-axioma.de\/pl\/get-your-offer\/\" \/>\n<meta property=\"og:locale\" content=\"pl_PL\" \/>\n<meta property=\"og:type\" content=\"article\" \/>\n<meta property=\"og:title\" content=\"Get your offer | Axioma Sprachschule M\u00fcnchen\" \/>\n<meta property=\"og:url\" content=\"https:\/\/www.sprachschule-axioma.de\/pl\/get-your-offer\/\" \/>\n<meta property=\"og:site_name\" content=\"Axioma Sprachschule M\u00fcnchen\" \/>\n<meta property=\"article:modified_time\" content=\"2020-03-27T17:01:40+00:00\" \/>\n<meta name=\"twitter:card\" content=\"summary_large_image\" \/>\n<meta name=\"twitter:label1\" content=\"Szacowany czas czytania\" \/>\n\t<meta name=\"twitter:data1\" content=\"2 minuty\" \/>\n<script type=\"application\/ld+json\" class=\"yoast-schema-graph\">{\"@context\":\"https:\/\/schema.org\",\"@graph\":[{\"@type\":\"WebPage\",\"@id\":\"https:\/\/www.sprachschule-axioma.de\/pl\/get-your-offer\/\",\"url\":\"https:\/\/www.sprachschule-axioma.de\/pl\/get-your-offer\/\",\"name\":\"Get your offer | Axioma Sprachschule M\u00fcnchen\",\"isPartOf\":{\"@id\":\"https:\/\/www.sprachschule-axioma.de\/pl\/#website\"},\"datePublished\":\"2020-03-27T16:53:59+00:00\",\"dateModified\":\"2020-03-27T17:01:40+00:00\",\"breadcrumb\":{\"@id\":\"https:\/\/www.sprachschule-axioma.de\/pl\/get-your-offer\/#breadcrumb\"},\"inLanguage\":\"pl-PL\",\"potentialAction\":[{\"@type\":\"ReadAction\",\"target\":[\"https:\/\/www.sprachschule-axioma.de\/pl\/get-your-offer\/\"]}]},{\"@type\":\"BreadcrumbList\",\"@id\":\"https:\/\/www.sprachschule-axioma.de\/pl\/get-your-offer\/#breadcrumb\",\"itemListElement\":[{\"@type\":\"ListItem\",\"position\":1,\"name\":\"Home\",\"item\":\"https:\/\/www.sprachschule-axioma.de\/pl\/\"},{\"@type\":\"ListItem\",\"position\":2,\"name\":\"Get your offer\"}]},{\"@type\":\"WebSite\",\"@id\":\"https:\/\/www.sprachschule-axioma.de\/pl\/#website\",\"url\":\"https:\/\/www.sprachschule-axioma.de\/pl\/\",\"name\":\"Axioma Sprachschule M\u00fcnchen\",\"description\":\"Deine Sprachschule in M\u00fcnchen\",\"publisher\":{\"@id\":\"https:\/\/www.sprachschule-axioma.de\/pl\/#organization\"},\"potentialAction\":[{\"@type\":\"SearchAction\",\"target\":{\"@type\":\"EntryPoint\",\"urlTemplate\":\"https:\/\/www.sprachschule-axioma.de\/pl\/?s={search_term_string}\"},\"query-input\":\"required name=search_term_string\"}],\"inLanguage\":\"pl-PL\"},{\"@type\":\"Organization\",\"@id\":\"https:\/\/www.sprachschule-axioma.de\/pl\/#organization\",\"name\":\"Sprachschule Axioma\",\"url\":\"https:\/\/www.sprachschule-axioma.de\/pl\/\",\"logo\":{\"@type\":\"ImageObject\",\"inLanguage\":\"pl-PL\",\"@id\":\"https:\/\/www.sprachschule-axioma.de\/pl\/#\/schema\/logo\/image\/\",\"url\":\"https:\/\/www.sprachschule-axioma.de\/wp-content\/uploads\/2020\/03\/logo.jpg\",\"contentUrl\":\"https:\/\/www.sprachschule-axioma.de\/wp-content\/uploads\/2020\/03\/logo.jpg\",\"width\":200,\"height\":51,\"caption\":\"Sprachschule Axioma\"},\"image\":{\"@id\":\"https:\/\/www.sprachschule-axioma.de\/pl\/#\/schema\/logo\/image\/\"}}]}<\/script>\n<!-- \/ Yoast SEO plugin. -->","yoast_head_json":{"title":"Get your offer | Axioma Sprachschule M\u00fcnchen","robots":{"index":"index","follow":"follow","max-snippet":"max-snippet:-1","max-image-preview":"max-image-preview:large","max-video-preview":"max-video-preview:-1"},"canonical":"https:\/\/www.sprachschule-axioma.de\/pl\/get-your-offer\/","og_locale":"pl_PL","og_type":"article","og_title":"Get your offer | Axioma Sprachschule M\u00fcnchen","og_url":"https:\/\/www.sprachschule-axioma.de\/pl\/get-your-offer\/","og_site_name":"Axioma Sprachschule M\u00fcnchen","article_modified_time":"2020-03-27T17:01:40+00:00","twitter_card":"summary_large_image","twitter_misc":{"Szacowany czas czytania":"2 minuty"},"schema":{"@context":"https:\/\/schema.org","@graph":[{"@type":"WebPage","@id":"https:\/\/www.sprachschule-axioma.de\/pl\/get-your-offer\/","url":"https:\/\/www.sprachschule-axioma.de\/pl\/get-your-offer\/","name":"Get your offer | Axioma Sprachschule M\u00fcnchen","isPartOf":{"@id":"https:\/\/www.sprachschule-axioma.de\/pl\/#website"},"datePublished":"2020-03-27T16:53:59+00:00","dateModified":"2020-03-27T17:01:40+00:00","breadcrumb":{"@id":"https:\/\/www.sprachschule-axioma.de\/pl\/get-your-offer\/#breadcrumb"},"inLanguage":"pl-PL","potentialAction":[{"@type":"ReadAction","target":["https:\/\/www.sprachschule-axioma.de\/pl\/get-your-offer\/"]}]},{"@type":"BreadcrumbList","@id":"https:\/\/www.sprachschule-axioma.de\/pl\/get-your-offer\/#breadcrumb","itemListElement":[{"@type":"ListItem","position":1,"name":"Home","item":"https:\/\/www.sprachschule-axioma.de\/pl\/"},{"@type":"ListItem","position":2,"name":"Get your offer"}]},{"@type":"WebSite","@id":"https:\/\/www.sprachschule-axioma.de\/pl\/#website","url":"https:\/\/www.sprachschule-axioma.de\/pl\/","name":"Axioma Sprachschule M\u00fcnchen","description":"Deine Sprachschule in M\u00fcnchen","publisher":{"@id":"https:\/\/www.sprachschule-axioma.de\/pl\/#organization"},"potentialAction":[{"@type":"SearchAction","target":{"@type":"EntryPoint","urlTemplate":"https:\/\/www.sprachschule-axioma.de\/pl\/?s={search_term_string}"},"query-input":"required name=search_term_string"}],"inLanguage":"pl-PL"},{"@type":"Organization","@id":"https:\/\/www.sprachschule-axioma.de\/pl\/#organization","name":"Sprachschule Axioma","url":"https:\/\/www.sprachschule-axioma.de\/pl\/","logo":{"@type":"ImageObject","inLanguage":"pl-PL","@id":"https:\/\/www.sprachschule-axioma.de\/pl\/#\/schema\/logo\/image\/","url":"https:\/\/www.sprachschule-axioma.de\/wp-content\/uploads\/2020\/03\/logo.jpg","contentUrl":"https:\/\/www.sprachschule-axioma.de\/wp-content\/uploads\/2020\/03\/logo.jpg","width":200,"height":51,"caption":"Sprachschule Axioma"},"image":{"@id":"https:\/\/www.sprachschule-axioma.de\/pl\/#\/schema\/logo\/image\/"}}]}},"_links":{"self":[{"href":"https:\/\/www.sprachschule-axioma.de\/pl\/wp-json\/wp\/v2\/pages\/15680"}],"collection":[{"href":"https:\/\/www.sprachschule-axioma.de\/pl\/wp-json\/wp\/v2\/pages"}],"about":[{"href":"https:\/\/www.sprachschule-axioma.de\/pl\/wp-json\/wp\/v2\/types\/page"}],"author":[{"embeddable":true,"href":"https:\/\/www.sprachschule-axioma.de\/pl\/wp-json\/wp\/v2\/users\/2"}],"replies":[{"embeddable":true,"href":"https:\/\/www.sprachschule-axioma.de\/pl\/wp-json\/wp\/v2\/comments?post=15680"}],"version-history":[{"count":1,"href":"https:\/\/www.sprachschule-axioma.de\/pl\/wp-json\/wp\/v2\/pages\/15680\/revisions"}],"predecessor-version":[{"id":15698,"href":"https:\/\/www.sprachschule-axioma.de\/pl\/wp-json\/wp\/v2\/pages\/15680\/revisions\/15698"}],"wp:attachment":[{"href":"https:\/\/www.sprachschule-axioma.de\/pl\/wp-json\/wp\/v2\/media?parent=15680"}],"curies":[{"name":"wp","href":"https:\/\/api.w.org\/{rel}","templated":true}]}}