{"id":18159,"date":"2020-03-24T15:22:27","date_gmt":"2020-03-24T14:22:27","guid":{"rendered":"https:\/\/sprachschule-axioma.net\/home\/"},"modified":"2023-10-03T21:47:40","modified_gmt":"2023-10-03T19:47:40","slug":"home","status":"publish","type":"page","link":"https:\/\/www.sprachschule-axioma.de\/hr\/","title":{"rendered":"Home"},"content":{"rendered":"<p><div class=\"fusion-fullwidth fullwidth-box fusion-builder-row-1 nonhundred-percent-fullwidth non-hundred-percent-height-scrolling\" style=\"background-color: rgba(255,255,255,0);background-position: center center;background-repeat: no-repeat;padding-top:0px;padding-right:0px;padding-bottom:0px;padding-left:0px;margin-bottom: 0px;margin-top: 0px;border-width: 0px 0px 0px 0px;border-color:#e2e2e2;border-style:solid;\" ><div class=\"fusion-builder-row fusion-row\"><div class=\"fusion-layout-column fusion_builder_column fusion-builder-column-0 fusion_builder_column_1_1 1_1 fusion-one-full fusion-column-first fusion-column-last\" style=\"margin-top:0px;margin-bottom:20px;\"><div class=\"fusion-column-wrapper fusion-flex-column-wrapper-legacy\" style=\"background-position:left top;background-repeat:no-repeat;-webkit-background-size:cover;-moz-background-size:cover;-o-background-size:cover;background-size:cover;padding: 0px 0px 0px 0px;\">\n<div class=\"fusion-slider-revolution rev_slider_wrapper\">\t\t\t<!-- START Startseitensprachen REVOLUTION SLIDER 6.5.2 --><p class=\"rs-p-wp-fix\"><\/p>\n\t\t\t<rs-module-wrap id=\"rev_slider_2_1_wrapper\" data-source=\"gallery\" style=\"visibility:hidden;background:transparent;padding:0;margin:0px auto;margin-top:0;margin-bottom:0;\">\n\t\t\t\t<rs-module id=\"rev_slider_2_1\" style=\"\" data-version=\"6.5.2\">\n\t\t\t\t\t<rs-slides>\n\t\t\t\t\t\t<rs-slide data-key=\"rs-7\" data-title=\"Slide\" data-in=\"o:0;\" data-out=\"a:false;\">\n\t\t\t\t\t\t\t<img src=\"\/\/www.sprachschule-axioma.de\/wp-content\/plugins\/revslider\/public\/assets\/assets\/dummy.png\" title=\"AxiomaEingang-1-1-scaled\" width=\"2000\" height=\"443\" class=\"rev-slidebg tp-rs-img rs-lazyload\" data-lazyload=\"\/\/www.sprachschule-axioma.de\/wp-content\/uploads\/2023\/05\/AxiomaEingang-1-1-scaled-2.jpg\" data-no-retina>\n<!--\n\t\t\t\t\t\t\t--><rs-layer\n\t\t\t\t\t\t\t\tid=\"slider-2-slide-7-layer-0\" \n\t\t\t\t\t\t\t\tdata-type=\"text\"\n\t\t\t\t\t\t\t\tdata-color=\"#1a80b6\"\n\t\t\t\t\t\t\t\tdata-rsp_ch=\"on\"\n\t\t\t\t\t\t\t\tdata-xy=\"x:322px;y:205px;\"\n\t\t\t\t\t\t\t\tdata-text=\"w:normal;s:48;l:61;\"\n\t\t\t\t\t\t\t\tdata-dim=\"minh:0;\"\n\t\t\t\t\t\t\t\tdata-padding=\"t:12;r:12;b:12;l:12;\"\n\t\t\t\t\t\t\t\tdata-frame_1=\"e:power3.out;st:170;sR:170;\"\n\t\t\t\t\t\t\t\tdata-frame_999=\"o:0;st:w;sR:8530;\"\n\t\t\t\t\t\t\t\tstyle=\"z-index:9;background-color:rgba(255,255,255,0.8);font-family:Raleway;\"\n\t\t\t\t\t\t\t>Language school Axioma Munich  \n\t\t\t\t\t\t\t<\/rs-layer><!--\n\n\t\t\t\t\t\t\t--><rs-layer\n\t\t\t\t\t\t\t\tid=\"slider-2-slide-7-layer-1\" \n\t\t\t\t\t\t\t\tdata-type=\"text\"\n\t\t\t\t\t\t\t\tdata-color=\"#1a80b6\"\n\t\t\t\t\t\t\t\tdata-rsp_ch=\"on\"\n\t\t\t\t\t\t\t\tdata-xy=\"x:369px;y:321px;\"\n\t\t\t\t\t\t\t\tdata-text=\"w:normal;s:32;l:40;\"\n\t\t\t\t\t\t\t\tdata-padding=\"t:10;r:10;b:10;l:10;\"\n\t\t\t\t\t\t\t\tdata-frame_1=\"st:300;sR:300;\"\n\t\t\t\t\t\t\t\tdata-frame_999=\"o:0;st:w;sR:8400;\"\n\t\t\t\t\t\t\t\tstyle=\"z-index:8;background-color:rgba(255,255,255,0.8);font-family:Raleway;\"\n\t\t\t\t\t\t\t>intensive german course in a small group \n\t\t\t\t\t\t\t<\/rs-layer><!--\n-->\t\t\t\t\t\t<\/rs-slide>\n\t\t\t\t\t\t<rs-slide data-key=\"rs-71\" data-title=\"Slide\" data-in=\"o:0;\" data-out=\"a:false;\">\n\t\t\t\t\t\t\t<img src=\"\/\/www.sprachschule-axioma.de\/wp-content\/plugins\/revslider\/public\/assets\/assets\/dummy.png\" title=\"AxiomaEingang-1-1-scaled\" width=\"2000\" height=\"443\" class=\"rev-slidebg tp-rs-img rs-lazyload\" data-lazyload=\"\/\/www.sprachschule-axioma.de\/wp-content\/uploads\/2023\/05\/AxiomaEingang-1-1-scaled-2.jpg\" data-no-retina>\n<!--\n\t\t\t\t\t\t\t--><rs-layer\n\t\t\t\t\t\t\t\tid=\"slider-2-slide-71-layer-0\" \n\t\t\t\t\t\t\t\tdata-type=\"text\"\n\t\t\t\t\t\t\t\tdata-color=\"#1a80b6\"\n\t\t\t\t\t\t\t\tdata-rsp_ch=\"on\"\n\t\t\t\t\t\t\t\tdata-xy=\"x:322px;y:205px;\"\n\t\t\t\t\t\t\t\tdata-text=\"w:normal;s:48;l:61;\"\n\t\t\t\t\t\t\t\tdata-dim=\"minh:0;\"\n\t\t\t\t\t\t\t\tdata-padding=\"t:12;r:12;b:12;l:12;\"\n\t\t\t\t\t\t\t\tdata-frame_1=\"e:power3.out;st:170;sR:170;\"\n\t\t\t\t\t\t\t\tdata-frame_999=\"o:0;st:w;sR:8530;\"\n\t\t\t\t\t\t\t\tstyle=\"z-index:9;background-color:rgba(255,255,255,0.8);font-family:Raleway;\"\n\t\t\t\t\t\t\t>Language school Axioma Munich  \n\t\t\t\t\t\t\t<\/rs-layer><!--\n\n\t\t\t\t\t\t\t--><rs-layer\n\t\t\t\t\t\t\t\tid=\"slider-2-slide-71-layer-1\" \n\t\t\t\t\t\t\t\tdata-type=\"text\"\n\t\t\t\t\t\t\t\tdata-color=\"#1a80b6\"\n\t\t\t\t\t\t\t\tdata-rsp_ch=\"on\"\n\t\t\t\t\t\t\t\tdata-xy=\"x:369px;y:321px;\"\n\t\t\t\t\t\t\t\tdata-text=\"w:normal;s:32;l:40;\"\n\t\t\t\t\t\t\t\tdata-padding=\"t:10;r:10;b:10;l:10;\"\n\t\t\t\t\t\t\t\tdata-frame_1=\"st:300;sR:300;\"\n\t\t\t\t\t\t\t\tdata-frame_999=\"o:0;st:w;sR:8400;\"\n\t\t\t\t\t\t\t\tstyle=\"z-index:8;background-color:rgba(255,255,255,0.8);font-family:Raleway;\"\n\t\t\t\t\t\t\t>intensive german course in a small group \n\t\t\t\t\t\t\t<\/rs-layer><!--\n-->\t\t\t\t\t\t<\/rs-slide>\n\t\t\t\t\t<\/rs-slides>\n\t\t\t\t<\/rs-module>\n\t\t\t\t<script type=\"text\/javascript\">\n\t\t\t\t\tsetREVStartSize({c: 'rev_slider_2_1',rl:[1240,1024,778,480],el:[450],gw:[1240],gh:[450],type:'standard',justify:'',layout:'fullwidth',mh:\"0\"});\n\t\t\t\t<\/script>\n\t\t\t<\/rs-module-wrap>\n\t\t\t<!-- END REVOLUTION SLIDER -->\n<\/div><div class=\"fusion-clearfix\"><\/div><\/div><\/div><\/div><\/div><div class=\"fusion-fullwidth fullwidth-box fusion-builder-row-2 nonhundred-percent-fullwidth non-hundred-percent-height-scrolling\" style=\"background-color: rgba(255,255,255,0);background-position: center center;background-repeat: no-repeat;padding-top:0px;padding-right:0px;padding-bottom:0px;padding-left:0px;margin-bottom: 0px;margin-top: 0px;border-width: 0px 0px 0px 0px;border-color:#e2e2e2;border-style:solid;\" ><div class=\"fusion-builder-row fusion-row\"><div class=\"fusion-layout-column fusion_builder_column fusion-builder-column-1 fusion_builder_column_1_1 1_1 fusion-one-full fusion-column-first fusion-column-last\" style=\"margin-top:0px;margin-bottom:20px;\"><div class=\"fusion-column-wrapper fusion-flex-column-wrapper-legacy\" style=\"background-position:left top;background-repeat:no-repeat;-webkit-background-size:cover;-moz-background-size:cover;-o-background-size:cover;background-size:cover;padding: 0px 0px 0px 0px;\"><style type=\"text\/css\"><\/style><div class=\"fusion-title title fusion-title-1 fusion-title-text fusion-title-size-one\" style=\"margin-top:10px;margin-right:0px;margin-bottom:15px;margin-left:0px;\"><h1 class=\"title-heading-left\" style=\"margin:0;\">Te\u010dajevi njema\u010dkog jezika M\u00fcnchena<\/h1><span class=\"awb-title-spacer\"><\/span><div class=\"title-sep-container\"><div class=\"title-sep sep-double sep-solid\" style=\"border-color:#e2e2e2;\"><\/div><\/div><\/div><div class=\"fusion-text fusion-text-1\"><p>Te\u010dajevi njema\u010dkog jezika u \u0161koli stranih jezika Axioma, izme\u0111u Tehni\u010dkog sveu\u010dili\u0161ta (TU) i Sveu\u010dili\u0161ta Ludviga Maksimilijana (LMU)<\/p>\n<\/div><div class=\"fusion-video fusion-youtube\" style=\"max-width:600px;max-height:360px;\"><div class=\"video-shortcode\"><iframe title=\"YouTube video player 1\" src=\"https:\/\/www.youtube.com\/embed\/PclvT6PGHz8?wmode=transparent&autoplay=0\" width=\"600\" height=\"360\" allowfullscreen allow=\"autoplay; fullscreen\"><\/iframe><\/div><\/div><div class=\"fusion-text fusion-text-2\"><div class=\"marker large left\">\n<p><a class=\"phontracking\" href=\"tel:+498912099200\">(089)12099200<\/a><\/p>\n<p><a class=\"mailtracking\" href=\"mailto:info@sprachschule-axioma.de\">sekretariat@sprachschule-axioma.de<\/a><\/p>\n<\/div>\n<div class=\"marker large right\">Te\u010dajevi u malim skupinama<\/div>\n<p>Svi na\u0161i u\u010ditelji su izvorni govornici sa sveu\u010dili\u0161nom diplomom.<br \/>\nSvi na\u0161i polaznici dobivaju svjedod\u017ebu!<br \/>\nBesplatna klasifikacija<\/p>\n<p><strong>Na\u0161a \u0161kola stranih jezika<\/strong><br \/>\nTe\u010daj njema\u010dkog jezika (od 590 eura\/4 tjedna) odr\u017eava se u sredi\u0161tu M\u00fcnchena, u jednom od najljep\u0161ih dijelova M\u00fcnchena, u ulici T\u00fcrkenstra\u00dfe, izme\u0111u sveu\u010dili\u0161ta Technische Universit\u00e4t (TU) i Ludwig-Maximilians-Universit\u00e4t (LMU). U okolici \u0161kole nalaze se brojni zgodni kafi\u0107i, barovi, muzeji, trgovine i Engleski vrt. Nakon te\u010daja njema\u010dkog u M\u00fcnchenu iskusite atmosferu Engleskog vrta, vrhunskih pivnica s terasama i lijepih ulica s brojnim trgovinama u centru M\u00fcnchena. Do \u0161kole stranih jezika jednostavno se i brzo sti\u017ee podzemnom \u017eeljeznicom (U3\/U6 stanica Universit\u00e4t), autobusom linije 150, 154 (153) (T\u00fcrkenstra\u00dfe) ili tramvajem 27 (28)(Schellingstra\u00dfe).<\/p>\n<p><strong>Te\u010dajevi njema\u010dkog jezika A1-C2, priprema za TestDaF, te\u010dajevi DSH<\/strong><\/p>\n<p>U potrazi ste za odgovaraju\u0107im te\u010dajem njema\u010dkog jezika u M\u00fcnchenu?<br \/>\nHtjeli biste (bolje) nau\u010diti njema\u010dki? \u017delite studirati u Njema\u010dkoj? Morate polo\u017eiti ispit njema\u010dkog kao stranog jezika (TestDaF), ispit kojim dokazujete poznavanje njema\u010dkog jezika kako biste mogli studirati u Njema\u010dkoj (DSH-Pr\u00fcfung) ili neki drugi test u M\u00fcnchenu? Potreban Vam je te\u010daj njema\u010dkog prilago\u0111en potrebama Va\u0161eg posla, te\u010daj poslovnog njema\u010dkog, poslovne korespondencije ili obuka koja \u0107e Vam pomo\u0107i da dobijete posao? Tra\u017eite intenzivni te\u010daj ili te\u010daj gramatike, pravopisa, interpunkcije, pisanja ili konverzacije? U na\u0161oj \u0161koli stranih jezika u M\u00fcnchenu na pravom ste mjestu. Nudimo Vam specijalizirane te\u010dajeve njema\u010dkog u M\u00fcnchenu ve\u0107 od 200 eura za 4 tjedna. Vodimo ra\u010duna o Va\u0161im individualnim potrebama. Na na\u0161im te\u010dajevima njema\u010dkog nema velikih skupina u kojima ne mo\u017eete do\u0107i do rije\u010di. U manjoj skupini \u010de\u0161\u0107e \u0107ete imati priliku govoriti i brzo \u0107ete nau\u010diti njema\u010dki. Mogu\u0107e su posebne individualne poduke.<\/p>\n<p>Nudimo te\u010dajeve njema\u010dkog u stupnjevima A1-C2 kao i profesionalnu pripremu za sljede\u0107e ispite: TestDaF; ispit kojim dokazujete poznavanje njema\u010dkog jezika kako biste mogli studirati u Njema\u010dkoj (Deutsche Sprachpr\u00fcfung f\u00fcr den Hochschulzugang (DSH); prijemni ispit za studijski kolegij; ispit za certifikat Goethe-Instituta A1, A2, B1, B2, C1 te C2, TELC certifikat A1, A2, B1, B2, C1 te C2.<\/p>\n<p><strong>\u017delite li u M\u00fcnchenu polo\u017eiti TestDaF?<\/strong><br \/>\nTestDAF je ispit \u010dije uspje\u0161no polaganje olak\u0161ava upis na ve\u0107inu njema\u010dkih sveu\u010dili\u0161ta. TestDaF je sredi\u0161nji standardizirani ispit kojim studenti koji \u017eele studirati u Njema\u010dkoj ili znanstvenici koji \u017eele raditi na njema\u010dkim visoko\u0161kolskim ustanovama dokazuju poznavanje njema\u010dkog jezika. Na\u0161a \u0161kole stranih jezika u M\u00fcnchenu pru\u017ea Vam optimalnu obuku iz svih vje\u0161tina koje se provjeravaju ispitom TestDaF (usmeno izra\u017eavanje, pisanje, \u010ditanje s razumijevanjem te slu\u0161anje s razumijevanjem). Da bi se polo\u017eio TestDaF, potrebno je dobiti najmanje ocjenu 3 iz svake od tih vje\u0161tina. Minhenske sveu\u010dili\u0161ne ustanove Ludwig-Maximilians-Universit\u00e4t M\u00fcnchen (LMU), Technische Universit\u00e4t M\u00fcnchen (TU) te Fachhochschule M\u00fcnchen (FHM) priznaju i ocjenu 4 (Test-DaF-Note) iz svih vje\u0161tina. Pripremni te\u010dajevi za polaganje ispita TestDaF (200 eura\/4 tjedna) u sklopu na\u0161e ponude te\u010dajeva njema\u010dkog jezika u M\u00fcnchenu optimalno Vas pripremaju za taj ispit.<\/p>\n<p><strong>\u017delite li u M\u00fcnchenu polo\u017eiti ispit poznavanja njema\u010dkog jezika koji omogu\u0107uje pristup visoko\u0161kolskim ustanovama u Njema\u010dkoj (DSH)?<\/strong><br \/>\nDSH je jezi\u010dni ispit koji kandidatima koji nisu iz njema\u010dkog govornog podru\u010dja slu\u017ei kao dokaz o poznavanju njema\u010dkog jezika potreban za studij na visoko\u0161kolskim ustanovama u Njema\u010dkoj. Moraju ga polagati i kandidati za studij u Njema\u010dkoj koji su njema\u010dki dr\u017eavljani ali nemaju zavr\u0161nu svjedod\u017ebu s njema\u010dkog govornog podru\u010dja (npr. iseljenici s njema\u010dkim dr\u017eavljanstvo koji su pravo na studij na visoko\u0161kolskim ustanovama stekli u inozemstvu). Na\u0161i te\u010dajevi njema\u010dkog jezika u M\u00fcnchenu pripremaju Vas za DSH.<\/p>\n<\/div><div class=\"fusion-clearfix\"><\/div><\/div><\/div><\/div><\/div><div class=\"fusion-fullwidth fullwidth-box fusion-builder-row-3 nonhundred-percent-fullwidth non-hundred-percent-height-scrolling\" style=\"background-color: rgba(255,255,255,0);background-position: center center;background-repeat: no-repeat;padding-top:0px;padding-right:0px;padding-bottom:0px;padding-left:0px;margin-bottom: 0px;margin-top: 0px;border-width: 0px 0px 0px 0px;border-color:#e2e2e2;border-style:solid;\" ><div class=\"fusion-builder-row fusion-row\"><div class=\"fusion-layout-column fusion_builder_column fusion-builder-column-2 fusion_builder_column_1_3 1_3 fusion-one-third fusion-column-first\" style=\"width:33.333333333333%;width:calc(33.333333333333% - ( ( 4% + 4% ) * 0.33333333333333 ) );margin-right: 4%;margin-top:0px;margin-bottom:20px;\"><div class=\"fusion-column-wrapper fusion-flex-column-wrapper-legacy\" style=\"background-position:left top;background-repeat:no-repeat;-webkit-background-size:cover;-moz-background-size:cover;-o-background-size:cover;background-size:cover;padding: 0px 0px 0px 0px;\">\n<div class=\"table-1\">\n<table width=\"100%\">\n<thead>\n<tr>\n<th align=\"left\">A1.1 &#8211; C1<\/th>\n<\/tr>\n<\/thead>\n<tbody>\n<tr>\n<td>sati tjedno: 20<\/td>\n<\/tr>\n<tr>\n<td>10.00 &#8211; 13.15<\/td>\n<\/tr>\n<tr>\n<td>ponedjeljak &#8211; petak<\/td>\n<\/tr>\n<tr>\n<td><strong>590,00 eura\/4 tjedna<br \/>\n<\/strong><\/td>\n<\/tr>\n<\/tbody>\n<\/table>\n<\/div>\n<div class=\"fusion-clearfix\"><\/div><\/div><\/div><div class=\"fusion-layout-column fusion_builder_column fusion-builder-column-3 fusion_builder_column_1_3 1_3 fusion-one-third\" style=\"width:33.333333333333%;width:calc(33.333333333333% - ( ( 4% + 4% ) * 0.33333333333333 ) );margin-right: 4%;margin-top:0px;margin-bottom:20px;\"><div class=\"fusion-column-wrapper fusion-flex-column-wrapper-legacy\" style=\"background-position:left top;background-repeat:no-repeat;-webkit-background-size:cover;-moz-background-size:cover;-o-background-size:cover;background-size:cover;padding: 0px 0px 0px 0px;\">\n<div class=\"table-1\">\n<table width=\"100%\">\n<thead>\n<tr>\n<th align=\"left\">B1, B2, C1<\/th>\n<\/tr>\n<\/thead>\n<tbody>\n<tr>\n<td>sati\/tjedno: 4<\/td>\n<\/tr>\n<tr>\n<td>ponedjeljak +\u010detvrtak, 18.30 &#8211; 20.00<\/td>\n<\/tr>\n<tr>\n<td><strong>495,00 eura\/12 tjedna\u00a0\u00a0 390,00 eura\/8 tjedna<br \/>\n<\/strong><\/td>\n<\/tr>\n<\/tbody>\n<\/table>\n<\/div>\n<div class=\"fusion-clearfix\"><\/div><\/div><\/div><div class=\"fusion-layout-column fusion_builder_column fusion-builder-column-4 fusion_builder_column_1_3 1_3 fusion-one-third fusion-column-last\" style=\"width:33.333333333333%;width:calc(33.333333333333% - ( ( 4% + 4% ) * 0.33333333333333 ) );margin-top:0px;margin-bottom:20px;\"><div class=\"fusion-column-wrapper fusion-flex-column-wrapper-legacy\" style=\"background-position:left top;background-repeat:no-repeat;-webkit-background-size:cover;-moz-background-size:cover;-o-background-size:cover;background-size:cover;padding: 0px 0px 0px 0px;\"><div class=\"fusion-text fusion-text-3\"><p>Maksimalni broj polaznika: <strong>4-12<\/strong><\/p>\n<\/div><div class=\"fusion-clearfix\"><\/div><\/div><\/div><\/div><\/div><\/p>\n","protected":false},"excerpt":{"rendered":"","protected":false},"author":2,"featured_media":0,"parent":0,"menu_order":0,"comment_status":"closed","ping_status":"closed","template":"100-width.php","meta":{"footnotes":""},"yoast_head":"<!-- This site is optimized with the Yoast SEO plugin v20.13 - https:\/\/yoast.com\/wordpress\/plugins\/seo\/ -->\n<title>Te\u010dajevi njema\u010dkog jezika M\u00fcnchena | Axioma<\/title>\n<meta name=\"robots\" content=\"index, follow, max-snippet:-1, max-image-preview:large, max-video-preview:-1\" \/>\n<link rel=\"canonical\" href=\"https:\/\/www.sprachschule-axioma.de\/hr\/\" \/>\n<meta property=\"og:locale\" content=\"hr_HR\" \/>\n<meta property=\"og:type\" content=\"article\" \/>\n<meta property=\"og:title\" content=\"Te\u010dajevi njema\u010dkog jezika M\u00fcnchena | Axioma\" \/>\n<meta property=\"og:url\" content=\"https:\/\/www.sprachschule-axioma.de\/hr\/\" \/>\n<meta property=\"og:site_name\" content=\"Axioma Sprachschule M\u00fcnchen\" \/>\n<meta property=\"article:modified_time\" content=\"2023-10-03T19:47:40+00:00\" \/>\n<meta name=\"twitter:card\" content=\"summary_large_image\" \/>\n<meta name=\"twitter:label1\" content=\"Procijenjeno vrijeme \u010ditanja\" \/>\n\t<meta name=\"twitter:data1\" content=\"8 minuta\" \/>\n<script type=\"application\/ld+json\" class=\"yoast-schema-graph\">{\"@context\":\"https:\/\/schema.org\",\"@graph\":[{\"@type\":\"WebPage\",\"@id\":\"https:\/\/www.sprachschule-axioma.de\/hr\/\",\"url\":\"https:\/\/www.sprachschule-axioma.de\/hr\/\",\"name\":\"Te\u010dajevi njema\u010dkog jezika M\u00fcnchena | Axioma\",\"isPartOf\":{\"@id\":\"https:\/\/www.sprachschule-axioma.de\/hr\/#website\"},\"datePublished\":\"2020-03-24T14:22:27+00:00\",\"dateModified\":\"2023-10-03T19:47:40+00:00\",\"breadcrumb\":{\"@id\":\"https:\/\/www.sprachschule-axioma.de\/hr\/#breadcrumb\"},\"inLanguage\":\"hr\",\"potentialAction\":[{\"@type\":\"ReadAction\",\"target\":[\"https:\/\/www.sprachschule-axioma.de\/hr\/\"]}]},{\"@type\":\"BreadcrumbList\",\"@id\":\"https:\/\/www.sprachschule-axioma.de\/hr\/#breadcrumb\",\"itemListElement\":[{\"@type\":\"ListItem\",\"position\":1,\"name\":\"Home\",\"item\":\"https:\/\/www.sprachschule-axioma.de\/hr\/\"},{\"@type\":\"ListItem\",\"position\":2,\"name\":\"Home\"}]},{\"@type\":\"WebSite\",\"@id\":\"https:\/\/www.sprachschule-axioma.de\/hr\/#website\",\"url\":\"https:\/\/www.sprachschule-axioma.de\/hr\/\",\"name\":\"Axioma Sprachschule M\u00fcnchen\",\"description\":\"Deine Sprachschule in M\u00fcnchen\",\"publisher\":{\"@id\":\"https:\/\/www.sprachschule-axioma.de\/hr\/#organization\"},\"potentialAction\":[{\"@type\":\"SearchAction\",\"target\":{\"@type\":\"EntryPoint\",\"urlTemplate\":\"https:\/\/www.sprachschule-axioma.de\/hr\/?s={search_term_string}\"},\"query-input\":\"required name=search_term_string\"}],\"inLanguage\":\"hr\"},{\"@type\":\"Organization\",\"@id\":\"https:\/\/www.sprachschule-axioma.de\/hr\/#organization\",\"name\":\"Sprachschule Axioma\",\"url\":\"https:\/\/www.sprachschule-axioma.de\/hr\/\",\"logo\":{\"@type\":\"ImageObject\",\"inLanguage\":\"hr\",\"@id\":\"https:\/\/www.sprachschule-axioma.de\/hr\/#\/schema\/logo\/image\/\",\"url\":\"https:\/\/www.sprachschule-axioma.de\/wp-content\/uploads\/2020\/03\/logo.jpg\",\"contentUrl\":\"https:\/\/www.sprachschule-axioma.de\/wp-content\/uploads\/2020\/03\/logo.jpg\",\"width\":200,\"height\":51,\"caption\":\"Sprachschule Axioma\"},\"image\":{\"@id\":\"https:\/\/www.sprachschule-axioma.de\/hr\/#\/schema\/logo\/image\/\"}}]}<\/script>\n<!-- \/ Yoast SEO plugin. -->","yoast_head_json":{"title":"Te\u010dajevi njema\u010dkog jezika M\u00fcnchena | Axioma","robots":{"index":"index","follow":"follow","max-snippet":"max-snippet:-1","max-image-preview":"max-image-preview:large","max-video-preview":"max-video-preview:-1"},"canonical":"https:\/\/www.sprachschule-axioma.de\/hr\/","og_locale":"hr_HR","og_type":"article","og_title":"Te\u010dajevi njema\u010dkog jezika M\u00fcnchena | Axioma","og_url":"https:\/\/www.sprachschule-axioma.de\/hr\/","og_site_name":"Axioma Sprachschule M\u00fcnchen","article_modified_time":"2023-10-03T19:47:40+00:00","twitter_card":"summary_large_image","twitter_misc":{"Procijenjeno vrijeme \u010ditanja":"8 minuta"},"schema":{"@context":"https:\/\/schema.org","@graph":[{"@type":"WebPage","@id":"https:\/\/www.sprachschule-axioma.de\/hr\/","url":"https:\/\/www.sprachschule-axioma.de\/hr\/","name":"Te\u010dajevi njema\u010dkog jezika M\u00fcnchena | Axioma","isPartOf":{"@id":"https:\/\/www.sprachschule-axioma.de\/hr\/#website"},"datePublished":"2020-03-24T14:22:27+00:00","dateModified":"2023-10-03T19:47:40+00:00","breadcrumb":{"@id":"https:\/\/www.sprachschule-axioma.de\/hr\/#breadcrumb"},"inLanguage":"hr","potentialAction":[{"@type":"ReadAction","target":["https:\/\/www.sprachschule-axioma.de\/hr\/"]}]},{"@type":"BreadcrumbList","@id":"https:\/\/www.sprachschule-axioma.de\/hr\/#breadcrumb","itemListElement":[{"@type":"ListItem","position":1,"name":"Home","item":"https:\/\/www.sprachschule-axioma.de\/hr\/"},{"@type":"ListItem","position":2,"name":"Home"}]},{"@type":"WebSite","@id":"https:\/\/www.sprachschule-axioma.de\/hr\/#website","url":"https:\/\/www.sprachschule-axioma.de\/hr\/","name":"Axioma Sprachschule M\u00fcnchen","description":"Deine Sprachschule in M\u00fcnchen","publisher":{"@id":"https:\/\/www.sprachschule-axioma.de\/hr\/#organization"},"potentialAction":[{"@type":"SearchAction","target":{"@type":"EntryPoint","urlTemplate":"https:\/\/www.sprachschule-axioma.de\/hr\/?s={search_term_string}"},"query-input":"required name=search_term_string"}],"inLanguage":"hr"},{"@type":"Organization","@id":"https:\/\/www.sprachschule-axioma.de\/hr\/#organization","name":"Sprachschule Axioma","url":"https:\/\/www.sprachschule-axioma.de\/hr\/","logo":{"@type":"ImageObject","inLanguage":"hr","@id":"https:\/\/www.sprachschule-axioma.de\/hr\/#\/schema\/logo\/image\/","url":"https:\/\/www.sprachschule-axioma.de\/wp-content\/uploads\/2020\/03\/logo.jpg","contentUrl":"https:\/\/www.sprachschule-axioma.de\/wp-content\/uploads\/2020\/03\/logo.jpg","width":200,"height":51,"caption":"Sprachschule Axioma"},"image":{"@id":"https:\/\/www.sprachschule-axioma.de\/hr\/#\/schema\/logo\/image\/"}}]}},"_links":{"self":[{"href":"https:\/\/www.sprachschule-axioma.de\/hr\/wp-json\/wp\/v2\/pages\/18159"}],"collection":[{"href":"https:\/\/www.sprachschule-axioma.de\/hr\/wp-json\/wp\/v2\/pages"}],"about":[{"href":"https:\/\/www.sprachschule-axioma.de\/hr\/wp-json\/wp\/v2\/types\/page"}],"author":[{"embeddable":true,"href":"https:\/\/www.sprachschule-axioma.de\/hr\/wp-json\/wp\/v2\/users\/2"}],"replies":[{"embeddable":true,"href":"https:\/\/www.sprachschule-axioma.de\/hr\/wp-json\/wp\/v2\/comments?post=18159"}],"version-history":[{"count":8,"href":"https:\/\/www.sprachschule-axioma.de\/hr\/wp-json\/wp\/v2\/pages\/18159\/revisions"}],"predecessor-version":[{"id":20592,"href":"https:\/\/www.sprachschule-axioma.de\/hr\/wp-json\/wp\/v2\/pages\/18159\/revisions\/20592"}],"wp:attachment":[{"href":"https:\/\/www.sprachschule-axioma.de\/hr\/wp-json\/wp\/v2\/media?parent=18159"}],"curies":[{"name":"wp","href":"https:\/\/api.w.org\/{rel}","templated":true}]}}