{"id":15716,"date":"2020-03-27T18:14:10","date_gmt":"2020-03-27T17:14:10","guid":{"rendered":"http:\/\/sprachschule-axioma.net\/?page_id=15716"},"modified":"2020-05-28T08:07:37","modified_gmt":"2020-05-28T06:07:37","slug":"consigue-tu-oferta","status":"publish","type":"page","link":"https:\/\/www.sprachschule-axioma.de\/es\/consigue-tu-oferta\/","title":{"rendered":"Consigue tu oferta"},"content":{"rendered":"<div class=\"fusion-fullwidth fullwidth-box fusion-builder-row-1 nonhundred-percent-fullwidth non-hundred-percent-height-scrolling\" style=\"background-color: rgba(255,255,255,0);background-position: center center;background-repeat: no-repeat;padding-top:0px;padding-right:0px;padding-bottom:0px;padding-left:0px;margin-bottom: 0px;margin-top: 0px;border-width: 0px 0px 0px 0px;border-color:#e2e2e2;border-style:solid;\" ><div class=\"fusion-builder-row fusion-row\"><div class=\"fusion-layout-column fusion_builder_column fusion-builder-column-0 fusion_builder_column_1_1 1_1 fusion-one-full fusion-column-first fusion-column-last\" style=\"margin-top:0px;margin-bottom:20px;\"><div class=\"fusion-column-wrapper fusion-flex-column-wrapper-legacy\" style=\"background-position:left top;background-repeat:no-repeat;-webkit-background-size:cover;-moz-background-size:cover;-o-background-size:cover;background-size:cover;padding: 0px 0px 0px 0px;\">\n<div class=\"wpcf7 no-js\" id=\"wpcf7-f14794-o1\" lang=\"es-ES\" dir=\"ltr\">\n<div class=\"screen-reader-response\"><p role=\"status\" aria-live=\"polite\" aria-atomic=\"true\"><\/p> <ul><\/ul><\/div>\n<form action=\"\/es\/wp-json\/wp\/v2\/pages\/15716#wpcf7-f14794-o1\" method=\"post\" class=\"wpcf7-form init wpcf7-acceptance-as-validation\" aria-label=\"Formulario de contacto\" novalidate=\"novalidate\" data-status=\"init\">\n<div style=\"display: none;\">\n<input type=\"hidden\" name=\"_wpcf7\" value=\"14794\" \/>\n<input type=\"hidden\" name=\"_wpcf7_version\" value=\"5.8\" \/>\n<input type=\"hidden\" name=\"_wpcf7_locale\" value=\"es_ES\" \/>\n<input type=\"hidden\" name=\"_wpcf7_unit_tag\" value=\"wpcf7-f14794-o1\" \/>\n<input type=\"hidden\" name=\"_wpcf7_container_post\" value=\"0\" \/>\n<input type=\"hidden\" name=\"_wpcf7_posted_data_hash\" value=\"\" \/>\n<\/div>\n<h2>Datos personales\n<\/h2>\n<p>Sexo <span class=\"wpcf7-form-control-wrap\" data-name=\"menu-756\"><select class=\"wpcf7-form-control wpcf7-select wpcf7-validates-as-required\" aria-required=\"true\" aria-invalid=\"false\" name=\"menu-756\"><option value=\"\">&#8212;Por favor, elige una opci\u00f3n&#8212;<\/option><option value=\"Femenino\">Femenino<\/option><option value=\"Masculino\">Masculino<\/option><\/select><\/span>\n<\/p>\n<p>Nombre (campo obligatorio)\n<\/p>\n<p><span class=\"wpcf7-form-control-wrap\" data-name=\"your-name\"><input size=\"40\" class=\"wpcf7-form-control wpcf7-text wpcf7-validates-as-required\" aria-required=\"true\" aria-invalid=\"false\" value=\"\" type=\"text\" name=\"your-name\" \/><\/span>\n<\/p>\n<p>Apellido (campo obligatorio)\n<\/p>\n<p><span class=\"wpcf7-form-control-wrap\" data-name=\"text-239\"><input size=\"40\" class=\"wpcf7-form-control wpcf7-text wpcf7-validates-as-required\" aria-required=\"true\" aria-invalid=\"false\" value=\"\" type=\"text\" name=\"text-239\" \/><\/span>\n<\/p>\n<p>Email\/ Correo electr\u00f3nico (campo obligatorio)\n<\/p>\n<p><span class=\"wpcf7-form-control-wrap\" data-name=\"your-email\"><input size=\"40\" class=\"wpcf7-form-control wpcf7-email wpcf7-validates-as-required wpcf7-text wpcf7-validates-as-email\" aria-required=\"true\" aria-invalid=\"false\" value=\"\" type=\"email\" name=\"your-email\" \/><\/span>\n<\/p>\n<p>N\u00famero telef\u00f3nico\n<\/p>\n<p><span class=\"wpcf7-form-control-wrap\" data-name=\"tel-216\"><input size=\"40\" class=\"wpcf7-form-control wpcf7-tel wpcf7-text wpcf7-validates-as-tel\" aria-invalid=\"false\" value=\"\" type=\"tel\" name=\"tel-216\" \/><\/span>\n<\/p>\n<p>\n<hr \/>\n<\/p>\n<h2>Informaci\u00f3n sobre el curso de idioma\n<\/h2>\n<p>\u00bfQu\u00e9 idioma le gustar\u00eda aprender?\n<\/p>\n<p><span class=\"wpcf7-form-control-wrap\" data-name=\"menu-955\"><select class=\"wpcf7-form-control wpcf7-select\" aria-invalid=\"false\" name=\"menu-955\"><option value=\"alem\u00e1n\">alem\u00e1n<\/option><option value=\"ingl\u00e9s\">ingl\u00e9s<\/option><option value=\"espa\u00f1ol\">espa\u00f1ol<\/option><option value=\"italiano\">italiano<\/option><option value=\"franc\u00e9s\">franc\u00e9s<\/option><option value=\"lat\u00edn\">lat\u00edn<\/option><\/select><\/span>\n<\/p>\n<p>\u00bfQuisiera obtener un certificado? En caso de que s\u00ed, cual?\n<\/p>\n<p><span class=\"wpcf7-form-control-wrap\" data-name=\"menu-0\"><select class=\"wpcf7-form-control wpcf7-select\" aria-invalid=\"false\" name=\"menu-0\"><option value=\"\">&#8212;Por favor, elige una opci\u00f3n&#8212;<\/option><option value=\"Goethe Zertifikate\">Goethe Zertifikate<\/option><option value=\"Telc Sprachpr\u00fcfungen\">Telc Sprachpr\u00fcfungen<\/option><option value=\"Studienkolleg\">Studienkolleg<\/option><option value=\"TestDaF\">TestDaF<\/option><option value=\"DSH\">DSH<\/option><option value=\"TOEFL\">TOEFL<\/option><\/select><\/span>\n<\/p>\n<p>\u00bfEst\u00e1 interesado en alg\u00fan curso en especial? En caso de que s\u00ed, cu\u00e1l?\n<\/p>\n<p><span class=\"wpcf7-form-control-wrap\" data-name=\"menu-663\"><select class=\"wpcf7-form-control wpcf7-select\" aria-invalid=\"false\" name=\"menu-663\"><option value=\"\">&#8212;Por favor, elige una opci\u00f3n&#8212;<\/option><option value=\"Alem\u00e1n para medicina\">Alem\u00e1n para medicina<\/option><option value=\"Curso de alem\u00e1n durante las vacaciones\">Curso de alem\u00e1n durante las vacaciones<\/option><option value=\"Curso de alem\u00e1n para enfermer\u00eda\">Curso de alem\u00e1n para enfermer\u00eda<\/option><option value=\"Alem\u00e1n para el trabajo\">Alem\u00e1n para el trabajo<\/option><option value=\"Curso de pronunciaci\u00f3n\">Curso de pronunciaci\u00f3n<\/option><option value=\"Curso los fines de semana\">Curso los fines de semana<\/option><option value=\"Tutor\u00edas\">Tutor\u00edas<\/option><option value=\"Preparaci\u00f3n para Abitur\">Preparaci\u00f3n para Abitur<\/option><\/select><\/span>\n<\/p>\n<p>\u00bfC\u00f3mo considera su nivel de conocimiento del idioma?\n<\/p>\n<p><span class=\"wpcf7-form-control-wrap\" data-name=\"menu-829\"><select class=\"wpcf7-form-control wpcf7-select\" aria-invalid=\"false\" name=\"menu-829\"><option value=\"Principiante A1\">Principiante A1<\/option><option value=\"Principiante A2\">Principiante A2<\/option><option value=\"Intermedio B1\">Intermedio B1<\/option><option value=\"Intermedio B2\">Intermedio B2<\/option><option value=\"Avanzado C1 \/ C2\">Avanzado C1 \/ C2<\/option><\/select><\/span>\n<\/p>\n<p>\n<hr \/>\n<\/p>\n<h2>Datos sobre el tiempo y fecha\n<\/h2>\n<p>\u00bfA qu\u00e9 hora del d\u00eda ser\u00eda ideal para usted tomar el curso?\n<\/p>\n<p><span class=\"wpcf7-form-control-wrap\" data-name=\"menu-130\"><select class=\"wpcf7-form-control wpcf7-select\" aria-invalid=\"false\" name=\"menu-130\"><option value=\"Ma\u00f1anas\">Ma\u00f1anas<\/option><option value=\"Tardes\">Tardes<\/option><option value=\"Noches\">Noches<\/option><\/select><\/span>\n<\/p>\n<p>\u00bfCu\u00e1ndo le gustar\u00eda empezar su curso?\n<\/p>\n<p><span class=\"wpcf7-form-control-wrap\" data-name=\"date-129\"><input class=\"wpcf7-form-control wpcf7-date wpcf7-validates-as-date\" aria-invalid=\"false\" value=\"\" type=\"date\" name=\"date-129\" \/><\/span>\n<\/p>\n<p>\n<hr \/>\n<\/p>\n<h2>Datos sobre su estad\u00eda\n<\/h2>\n<p>\u00bfNecesita alojamiento?\n<\/p>\n<p><span class=\"wpcf7-form-control-wrap\" data-name=\"radio-464\"><span class=\"wpcf7-form-control wpcf7-radio\"><span class=\"wpcf7-list-item first\"><span class=\"wpcf7-list-item-label\">No<\/span><input type=\"radio\" name=\"radio-464\" value=\"No\" checked=\"checked\" \/><\/span><span class=\"wpcf7-list-item last\"><span class=\"wpcf7-list-item-label\">S\u00ed<\/span><input type=\"radio\" name=\"radio-464\" value=\"S\u00ed\" \/><\/span><\/span><\/span>\n<\/p>\n<p>\u00bfNecesita visa?\n<\/p>\n<p><span class=\"wpcf7-form-control-wrap\" data-name=\"radio-423\"><span class=\"wpcf7-form-control wpcf7-radio\"><span class=\"wpcf7-list-item first\"><span class=\"wpcf7-list-item-label\">No<\/span><input type=\"radio\" name=\"radio-423\" value=\"No\" checked=\"checked\" \/><\/span><span class=\"wpcf7-list-item last\"><span class=\"wpcf7-list-item-label\">S\u00ed<\/span><input type=\"radio\" name=\"radio-423\" value=\"S\u00ed\" \/><\/span><\/span><\/span>\n<\/p>\n<p>\n<hr \/>\n<\/p>\n<h2>Su mensaje \/ Su pregunta \/ Llamada de vuelta\n<\/h2>\n<p><span class=\"wpcf7-form-control-wrap\" data-name=\"your-message\"><textarea cols=\"40\" rows=\"10\" class=\"wpcf7-form-control wpcf7-textarea\" aria-invalid=\"false\" name=\"your-message\"><\/textarea><\/span>\n<\/p>\n<p>\u00bfEstar\u00eda de acuerdo en que le llamaramos por tel\u00e9fono?\n<\/p>\n<p><span class=\"wpcf7-form-control-wrap\" data-name=\"radio-613\"><span class=\"wpcf7-form-control wpcf7-radio\"><span class=\"wpcf7-list-item first\"><span class=\"wpcf7-list-item-label\">No<\/span><input type=\"radio\" name=\"radio-613\" value=\"No\" checked=\"checked\" \/><\/span><span class=\"wpcf7-list-item last\"><span class=\"wpcf7-list-item-label\">S\u00ed<\/span><input type=\"radio\" name=\"radio-613\" value=\"S\u00ed\" \/><\/span><\/span><\/span>\n<\/p>\n<p>No soy ning\u00fan robot! <span class=\"wpcf7-form-control-wrap\" data-name=\"quiz-858\"><label><span class=\"wpcf7-quiz-label\">\u00bfCu\u00e1l es la capital de Alemania?<\/span> <input size=\"40\" class=\"wpcf7-form-control wpcf7-quiz\" autocomplete=\"off\" aria-required=\"true\" aria-invalid=\"false\" type=\"text\" name=\"quiz-858\" \/><\/label><input type=\"hidden\" name=\"_wpcf7_quiz_answer_quiz-858\" value=\"c44b32f44b3b9cd62a93bf7a0ca825cd\" \/><\/span>\n<\/p>\n<p><span class=\"wpcf7-form-control-wrap\" data-name=\"acceptance-804\"><span class=\"wpcf7-form-control wpcf7-acceptance\"><span class=\"wpcf7-list-item\"><input type=\"checkbox\" name=\"acceptance-804\" value=\"1\" aria-invalid=\"false\" \/><\/span><\/span><\/span> Al usar este formulario, acepta el almacenamiento y procesamiento de sus datos a trav\u00e9s de este sitio.\n<\/p>\n<p>\n<hr \/>\n<\/p>\n<p><input class=\"wpcf7-form-control wpcf7-submit has-spinner\" type=\"submit\" value=\"Enviar\" \/>\n<\/p><div class=\"fusion-alert alert custom alert-custom fusion-alert-center wpcf7-response-output alert-dismissable\" style=\"border-width:1px;\"><button type=\"button\" class=\"close toggle-alert\" data-dismiss=\"alert\" aria-label=\"Close\">&times;<\/button><div class=\"fusion-alert-content-wrapper\"><span class=\"fusion-alert-content\"><\/span><\/div><\/div>\n<\/form>\n<\/div>\n<div class=\"fusion-clearfix\"><\/div><\/div><\/div><\/div><\/div>\n","protected":false},"excerpt":{"rendered":"","protected":false},"author":2,"featured_media":0,"parent":0,"menu_order":0,"comment_status":"closed","ping_status":"closed","template":"","meta":{"footnotes":""},"yoast_head":"<!-- This site is optimized with the Yoast SEO plugin v20.13 - https:\/\/yoast.com\/wordpress\/plugins\/seo\/ -->\n<title>Consigue tu oferta | Axioma Sprachschule M\u00fcnchen<\/title>\n<meta name=\"robots\" content=\"noindex, nofollow\" \/>\n<meta property=\"og:locale\" content=\"es_ES\" \/>\n<meta property=\"og:type\" content=\"article\" \/>\n<meta property=\"og:title\" content=\"Consigue tu oferta | Axioma Sprachschule M\u00fcnchen\" \/>\n<meta property=\"og:url\" content=\"https:\/\/www.sprachschule-axioma.de\/es\/consigue-tu-oferta\/\" \/>\n<meta property=\"og:site_name\" content=\"Axioma Sprachschule M\u00fcnchen\" \/>\n<meta property=\"article:modified_time\" content=\"2020-05-28T06:07:37+00:00\" \/>\n<meta name=\"twitter:card\" content=\"summary_large_image\" \/>\n<meta name=\"twitter:label1\" content=\"Tiempo de lectura\" \/>\n\t<meta name=\"twitter:data1\" content=\"2 minutos\" \/>\n<script type=\"application\/ld+json\" class=\"yoast-schema-graph\">{\"@context\":\"https:\/\/schema.org\",\"@graph\":[{\"@type\":\"WebPage\",\"@id\":\"https:\/\/www.sprachschule-axioma.de\/es\/consigue-tu-oferta\/\",\"url\":\"https:\/\/www.sprachschule-axioma.de\/es\/consigue-tu-oferta\/\",\"name\":\"Consigue tu oferta | Axioma Sprachschule M\u00fcnchen\",\"isPartOf\":{\"@id\":\"https:\/\/www.sprachschule-axioma.de\/es\/#website\"},\"datePublished\":\"2020-03-27T17:14:10+00:00\",\"dateModified\":\"2020-05-28T06:07:37+00:00\",\"breadcrumb\":{\"@id\":\"https:\/\/www.sprachschule-axioma.de\/es\/consigue-tu-oferta\/#breadcrumb\"},\"inLanguage\":\"es\",\"potentialAction\":[{\"@type\":\"ReadAction\",\"target\":[\"https:\/\/www.sprachschule-axioma.de\/es\/consigue-tu-oferta\/\"]}]},{\"@type\":\"BreadcrumbList\",\"@id\":\"https:\/\/www.sprachschule-axioma.de\/es\/consigue-tu-oferta\/#breadcrumb\",\"itemListElement\":[{\"@type\":\"ListItem\",\"position\":1,\"name\":\"Home\",\"item\":\"https:\/\/www.sprachschule-axioma.de\/es\/\"},{\"@type\":\"ListItem\",\"position\":2,\"name\":\"Consigue tu oferta\"}]},{\"@type\":\"WebSite\",\"@id\":\"https:\/\/www.sprachschule-axioma.de\/es\/#website\",\"url\":\"https:\/\/www.sprachschule-axioma.de\/es\/\",\"name\":\"Axioma Sprachschule M\u00fcnchen\",\"description\":\"Deine Sprachschule in M\u00fcnchen\",\"publisher\":{\"@id\":\"https:\/\/www.sprachschule-axioma.de\/es\/#organization\"},\"potentialAction\":[{\"@type\":\"SearchAction\",\"target\":{\"@type\":\"EntryPoint\",\"urlTemplate\":\"https:\/\/www.sprachschule-axioma.de\/es\/?s={search_term_string}\"},\"query-input\":\"required name=search_term_string\"}],\"inLanguage\":\"es\"},{\"@type\":\"Organization\",\"@id\":\"https:\/\/www.sprachschule-axioma.de\/es\/#organization\",\"name\":\"Sprachschule Axioma\",\"url\":\"https:\/\/www.sprachschule-axioma.de\/es\/\",\"logo\":{\"@type\":\"ImageObject\",\"inLanguage\":\"es\",\"@id\":\"https:\/\/www.sprachschule-axioma.de\/es\/#\/schema\/logo\/image\/\",\"url\":\"https:\/\/www.sprachschule-axioma.de\/wp-content\/uploads\/2020\/03\/logo.jpg\",\"contentUrl\":\"https:\/\/www.sprachschule-axioma.de\/wp-content\/uploads\/2020\/03\/logo.jpg\",\"width\":200,\"height\":51,\"caption\":\"Sprachschule Axioma\"},\"image\":{\"@id\":\"https:\/\/www.sprachschule-axioma.de\/es\/#\/schema\/logo\/image\/\"}}]}<\/script>\n<!-- \/ Yoast SEO plugin. -->","yoast_head_json":{"title":"Consigue tu oferta | Axioma Sprachschule M\u00fcnchen","robots":{"index":"noindex","follow":"nofollow"},"og_locale":"es_ES","og_type":"article","og_title":"Consigue tu oferta | Axioma Sprachschule M\u00fcnchen","og_url":"https:\/\/www.sprachschule-axioma.de\/es\/consigue-tu-oferta\/","og_site_name":"Axioma Sprachschule M\u00fcnchen","article_modified_time":"2020-05-28T06:07:37+00:00","twitter_card":"summary_large_image","twitter_misc":{"Tiempo de lectura":"2 minutos"},"schema":{"@context":"https:\/\/schema.org","@graph":[{"@type":"WebPage","@id":"https:\/\/www.sprachschule-axioma.de\/es\/consigue-tu-oferta\/","url":"https:\/\/www.sprachschule-axioma.de\/es\/consigue-tu-oferta\/","name":"Consigue tu oferta | Axioma Sprachschule M\u00fcnchen","isPartOf":{"@id":"https:\/\/www.sprachschule-axioma.de\/es\/#website"},"datePublished":"2020-03-27T17:14:10+00:00","dateModified":"2020-05-28T06:07:37+00:00","breadcrumb":{"@id":"https:\/\/www.sprachschule-axioma.de\/es\/consigue-tu-oferta\/#breadcrumb"},"inLanguage":"es","potentialAction":[{"@type":"ReadAction","target":["https:\/\/www.sprachschule-axioma.de\/es\/consigue-tu-oferta\/"]}]},{"@type":"BreadcrumbList","@id":"https:\/\/www.sprachschule-axioma.de\/es\/consigue-tu-oferta\/#breadcrumb","itemListElement":[{"@type":"ListItem","position":1,"name":"Home","item":"https:\/\/www.sprachschule-axioma.de\/es\/"},{"@type":"ListItem","position":2,"name":"Consigue tu oferta"}]},{"@type":"WebSite","@id":"https:\/\/www.sprachschule-axioma.de\/es\/#website","url":"https:\/\/www.sprachschule-axioma.de\/es\/","name":"Axioma Sprachschule M\u00fcnchen","description":"Deine Sprachschule in M\u00fcnchen","publisher":{"@id":"https:\/\/www.sprachschule-axioma.de\/es\/#organization"},"potentialAction":[{"@type":"SearchAction","target":{"@type":"EntryPoint","urlTemplate":"https:\/\/www.sprachschule-axioma.de\/es\/?s={search_term_string}"},"query-input":"required name=search_term_string"}],"inLanguage":"es"},{"@type":"Organization","@id":"https:\/\/www.sprachschule-axioma.de\/es\/#organization","name":"Sprachschule Axioma","url":"https:\/\/www.sprachschule-axioma.de\/es\/","logo":{"@type":"ImageObject","inLanguage":"es","@id":"https:\/\/www.sprachschule-axioma.de\/es\/#\/schema\/logo\/image\/","url":"https:\/\/www.sprachschule-axioma.de\/wp-content\/uploads\/2020\/03\/logo.jpg","contentUrl":"https:\/\/www.sprachschule-axioma.de\/wp-content\/uploads\/2020\/03\/logo.jpg","width":200,"height":51,"caption":"Sprachschule Axioma"},"image":{"@id":"https:\/\/www.sprachschule-axioma.de\/es\/#\/schema\/logo\/image\/"}}]}},"_links":{"self":[{"href":"https:\/\/www.sprachschule-axioma.de\/es\/wp-json\/wp\/v2\/pages\/15716"}],"collection":[{"href":"https:\/\/www.sprachschule-axioma.de\/es\/wp-json\/wp\/v2\/pages"}],"about":[{"href":"https:\/\/www.sprachschule-axioma.de\/es\/wp-json\/wp\/v2\/types\/page"}],"author":[{"embeddable":true,"href":"https:\/\/www.sprachschule-axioma.de\/es\/wp-json\/wp\/v2\/users\/2"}],"replies":[{"embeddable":true,"href":"https:\/\/www.sprachschule-axioma.de\/es\/wp-json\/wp\/v2\/comments?post=15716"}],"version-history":[{"count":2,"href":"https:\/\/www.sprachschule-axioma.de\/es\/wp-json\/wp\/v2\/pages\/15716\/revisions"}],"predecessor-version":[{"id":15718,"href":"https:\/\/www.sprachschule-axioma.de\/es\/wp-json\/wp\/v2\/pages\/15716\/revisions\/15718"}],"wp:attachment":[{"href":"https:\/\/www.sprachschule-axioma.de\/es\/wp-json\/wp\/v2\/media?parent=15716"}],"curies":[{"name":"wp","href":"https:\/\/api.w.org\/{rel}","templated":true}]}}